{"id":84,"date":"2020-10-22T17:34:35","date_gmt":"2020-10-22T15:34:35","guid":{"rendered":"http:\/\/atelierliliannavarro.fr\/?page_id=84"},"modified":"2022-09-29T15:56:49","modified_gmt":"2022-09-29T13:56:49","slug":"collections","status":"publish","type":"page","link":"https:\/\/atelierliliannavarro.fr\/?page_id=84","title":{"rendered":"URBAN NOMAD"},"content":{"rendered":"\t\t<div data-elementor-type=\"wp-page\" data-elementor-id=\"84\" class=\"elementor elementor-84\">\n\t\t\t\t\t\t<div class=\"elementor-inner\">\n\t\t\t\t<div class=\"elementor-section-wrap\">\n\t\t\t\t\t\t\t\t\t<section class=\"elementor-section elementor-top-section elementor-element elementor-element-1baa1639 elementor-section-boxed elementor-section-height-default elementor-section-height-default\" data-id=\"1baa1639\" data-element_type=\"section\">\n\t\t\t\t\t\t<div class=\"elementor-container elementor-column-gap-default\">\n\t\t\t\t\t\t\t<div class=\"elementor-row\">\n\t\t\t\t\t<div class=\"elementor-column elementor-col-25 elementor-top-column elementor-element elementor-element-5307cc3\" data-id=\"5307cc3\" data-element_type=\"column\">\n\t\t\t<div class=\"elementor-column-wrap elementor-element-populated\">\n\t\t\t\t\t\t\t<div class=\"elementor-widget-wrap\">\n\t\t\t\t\t\t<div class=\"elementor-element elementor-element-5bf9c8e3 elementor-widget elementor-widget-heading\" data-id=\"5bf9c8e3\" data-element_type=\"widget\" data-widget_type=\"heading.default\">\n\t\t\t\t<div class=\"elementor-widget-container\">\n\t\t\t<h2 class=\"elementor-heading-title elementor-size-default\"><a href=\"https:\/\/atelierliliannavarro.fr\/?page_id=139\">COLLECTION<\/a><\/h2>\t\t<\/div>\n\t\t\t\t<\/div>\n\t\t\t\t\t\t<\/div>\n\t\t\t\t\t<\/div>\n\t\t<\/div>\n\t\t\t\t<div class=\"elementor-column elementor-col-25 elementor-top-column elementor-element elementor-element-17e161de\" data-id=\"17e161de\" data-element_type=\"column\">\n\t\t\t<div class=\"elementor-column-wrap elementor-element-populated\">\n\t\t\t\t\t\t\t<div class=\"elementor-widget-wrap\">\n\t\t\t\t\t\t<div class=\"elementor-element elementor-element-1750804b elementor-widget elementor-widget-heading\" data-id=\"1750804b\" data-element_type=\"widget\" data-widget_type=\"heading.default\">\n\t\t\t\t<div class=\"elementor-widget-container\">\n\t\t\t<h2 class=\"elementor-heading-title elementor-size-default\"><a href=\"https:\/\/atelierliliannavarro.fr\/?page_id=125\">L'ATELIER<\/a><\/h2>\t\t<\/div>\n\t\t\t\t<\/div>\n\t\t\t\t\t\t<\/div>\n\t\t\t\t\t<\/div>\n\t\t<\/div>\n\t\t\t\t<div class=\"elementor-column elementor-col-25 elementor-top-column elementor-element elementor-element-61d52431\" data-id=\"61d52431\" data-element_type=\"column\">\n\t\t\t<div class=\"elementor-column-wrap elementor-element-populated\">\n\t\t\t\t\t\t\t<div class=\"elementor-widget-wrap\">\n\t\t\t\t\t\t<div class=\"elementor-element elementor-element-1a124f83 elementor-widget elementor-widget-heading\" data-id=\"1a124f83\" data-element_type=\"widget\" data-widget_type=\"heading.default\">\n\t\t\t\t<div class=\"elementor-widget-container\">\n\t\t\t<h2 class=\"elementor-heading-title elementor-size-default\"><a href=\"https:\/\/atelierliliannavarro.fr\/?page_id=205\">SHOP<\/a><\/h2>\t\t<\/div>\n\t\t\t\t<\/div>\n\t\t\t\t\t\t<\/div>\n\t\t\t\t\t<\/div>\n\t\t<\/div>\n\t\t\t\t<div class=\"elementor-column elementor-col-25 elementor-top-column elementor-element elementor-element-43105b7e\" data-id=\"43105b7e\" data-element_type=\"column\">\n\t\t\t<div class=\"elementor-column-wrap elementor-element-populated\">\n\t\t\t\t\t\t\t<div class=\"elementor-widget-wrap\">\n\t\t\t\t\t\t<div class=\"elementor-element elementor-element-2fea6a8e elementor-widget elementor-widget-heading\" data-id=\"2fea6a8e\" data-element_type=\"widget\" data-widget_type=\"heading.default\">\n\t\t\t\t<div class=\"elementor-widget-container\">\n\t\t\t<h2 class=\"elementor-heading-title elementor-size-default\"><a href=\"https:\/\/atelierliliannavarro.fr\/?page_id=77\">CONTACT<\/a><\/h2>\t\t<\/div>\n\t\t\t\t<\/div>\n\t\t\t\t\t\t<\/div>\n\t\t\t\t\t<\/div>\n\t\t<\/div>\n\t\t\t\t\t\t\t\t<\/div>\n\t\t\t\t\t<\/div>\n\t\t<\/section>\n\t\t\t\t<section class=\"elementor-section elementor-top-section elementor-element elementor-element-be3316c elementor-section-boxed elementor-section-height-default elementor-section-height-default\" data-id=\"be3316c\" data-element_type=\"section\">\n\t\t\t\t\t\t<div class=\"elementor-container elementor-column-gap-default\">\n\t\t\t\t\t\t\t<div class=\"elementor-row\">\n\t\t\t\t\t<div class=\"elementor-column elementor-col-100 elementor-top-column elementor-element elementor-element-df39247\" data-id=\"df39247\" data-element_type=\"column\">\n\t\t\t<div class=\"elementor-column-wrap elementor-element-populated\">\n\t\t\t\t\t\t\t<div class=\"elementor-widget-wrap\">\n\t\t\t\t\t\t<div class=\"elementor-element elementor-element-2503203 elementor-widget elementor-widget-spacer\" data-id=\"2503203\" data-element_type=\"widget\" data-widget_type=\"spacer.default\">\n\t\t\t\t<div class=\"elementor-widget-container\">\n\t\t\t\t\t<div class=\"elementor-spacer\">\n\t\t\t<div class=\"elementor-spacer-inner\"><\/div>\n\t\t<\/div>\n\t\t\t\t<\/div>\n\t\t\t\t<\/div>\n\t\t\t\t\t\t<\/div>\n\t\t\t\t\t<\/div>\n\t\t<\/div>\n\t\t\t\t\t\t\t\t<\/div>\n\t\t\t\t\t<\/div>\n\t\t<\/section>\n\t\t\t\t<section class=\"elementor-section elementor-top-section elementor-element elementor-element-66a1f56 elementor-section-boxed elementor-section-height-default elementor-section-height-default\" data-id=\"66a1f56\" data-element_type=\"section\">\n\t\t\t\t\t\t<div class=\"elementor-container elementor-column-gap-default\">\n\t\t\t\t\t\t\t<div class=\"elementor-row\">\n\t\t\t\t\t<div class=\"elementor-column elementor-col-33 elementor-top-column elementor-element elementor-element-c9d8014\" data-id=\"c9d8014\" data-element_type=\"column\">\n\t\t\t<div class=\"elementor-column-wrap elementor-element-populated\">\n\t\t\t\t\t\t\t<div class=\"elementor-widget-wrap\">\n\t\t\t\t\t\t<div class=\"elementor-element elementor-element-613deb1 elementor-widget elementor-widget-heading\" data-id=\"613deb1\" data-element_type=\"widget\" data-widget_type=\"heading.default\">\n\t\t\t\t<div class=\"elementor-widget-container\">\n\t\t\t<h2 class=\"elementor-heading-title elementor-size-xxl\">URBAN NOMAD<\/h2>\t\t<\/div>\n\t\t\t\t<\/div>\n\t\t\t\t<div class=\"elementor-element elementor-element-2822a96 elementor-widget elementor-widget-text-editor\" data-id=\"2822a96\" data-element_type=\"widget\" data-widget_type=\"text-editor.default\">\n\t\t\t\t<div class=\"elementor-widget-container\">\n\t\t\t\t\t\t\t\t<div class=\"elementor-text-editor elementor-clearfix\">\n\t\t\t\t<p>Collection 2019-2020 2nd Ann\u00e9e ST LUC TOURNAI<\/p><p>Video Directed by\u00a0 Arthur Havet &amp; Lilian NAVARRO\u00a0<\/p>\t\t\t\t\t<\/div>\n\t\t\t\t\t\t<\/div>\n\t\t\t\t<\/div>\n\t\t\t\t<div class=\"elementor-element elementor-element-a3e9f3e elementor-widget elementor-widget-text-editor\" data-id=\"a3e9f3e\" data-element_type=\"widget\" data-widget_type=\"text-editor.default\">\n\t\t\t\t<div class=\"elementor-widget-container\">\n\t\t\t\t\t\t\t\t<div class=\"elementor-text-editor elementor-clearfix\">\n\t\t\t\t<p>2050, la terre est totalement d\u00e9r\u00e9gl\u00e9e par les activit\u00e9s humaines. Les populations minoritaires sont les plus touch\u00e9es, ouragans, mont\u00e9e des eaux, tremblements de terre&#8230; Elles entament une grande migration vers un eldorado fantomatique, sur place la d\u00e9sillusion est totale.<\/p>\n<p>M\u00e9gapole surpeupl\u00e9e, hyper-pollu\u00e9e, aust\u00e8re. Pour survivre c<span style=\"color: var( --e-global-color-text ); font-family: var( --e-global-typography-text-font-family ), Sans-serif; font-weight: var( --e-global-typography-text-font-weight ); font-size: 1rem;\">es migrants de fortune entament une vie ambulante de marchants pour survivre.<\/span><\/p>\t\t\t\t\t<\/div>\n\t\t\t\t\t\t<\/div>\n\t\t\t\t<\/div>\n\t\t\t\t\t\t<\/div>\n\t\t\t\t\t<\/div>\n\t\t<\/div>\n\t\t\t\t<div class=\"elementor-column elementor-col-66 elementor-top-column elementor-element elementor-element-fa3216a\" data-id=\"fa3216a\" data-element_type=\"column\">\n\t\t\t<div class=\"elementor-column-wrap elementor-element-populated\">\n\t\t\t\t\t\t\t<div class=\"elementor-widget-wrap\">\n\t\t\t\t\t\t<div class=\"elementor-element elementor-element-45788e8 elementor-aspect-ratio-169 elementor-widget elementor-widget-video\" data-id=\"45788e8\" data-element_type=\"widget\" data-settings=\"{&quot;video_type&quot;:&quot;vimeo&quot;,&quot;aspect_ratio&quot;:&quot;169&quot;}\" data-widget_type=\"video.default\">\n\t\t\t\t<div class=\"elementor-widget-container\">\n\t\t\t\t\t<div class=\"elementor-wrapper elementor-fit-aspect-ratio elementor-open-inline\">\n\t\t\t<iframe class=\"elementor-video-iframe\" allowfullscreen title=\"Lecteur vid\u00e9o vimeo\" src=\"https:\/\/player.vimeo.com\/video\/432336572?color&amp;autopause=0&amp;loop=0&amp;muted=0&amp;title=1&amp;portrait=1&amp;byline=1#t=\"><\/iframe>\t\t<\/div>\n\t\t\t\t<\/div>\n\t\t\t\t<\/div>\n\t\t\t\t\t\t<\/div>\n\t\t\t\t\t<\/div>\n\t\t<\/div>\n\t\t\t\t\t\t\t\t<\/div>\n\t\t\t\t\t<\/div>\n\t\t<\/section>\n\t\t\t\t<section class=\"elementor-section elementor-top-section elementor-element elementor-element-69ee175 elementor-section-boxed elementor-section-height-default elementor-section-height-default\" data-id=\"69ee175\" data-element_type=\"section\">\n\t\t\t\t\t\t<div class=\"elementor-container elementor-column-gap-default\">\n\t\t\t\t\t\t\t<div class=\"elementor-row\">\n\t\t\t\t\t<div class=\"elementor-column elementor-col-33 elementor-top-column elementor-element elementor-element-43eb177\" data-id=\"43eb177\" data-element_type=\"column\">\n\t\t\t<div class=\"elementor-column-wrap elementor-element-populated\">\n\t\t\t\t\t\t\t<div class=\"elementor-widget-wrap\">\n\t\t\t\t\t\t<div class=\"elementor-element elementor-element-f5e5e27 elementor-widget elementor-widget-image\" data-id=\"f5e5e27\" data-element_type=\"widget\" data-widget_type=\"image.default\">\n\t\t\t\t<div class=\"elementor-widget-container\">\n\t\t\t\t\t\t\t\t<div class=\"elementor-image\">\n\t\t\t\t\t\t\t\t\t\t\t\t<img width=\"800\" height=\"534\" src=\"https:\/\/atelierliliannavarro.fr\/wp-content\/uploads\/2020\/10\/DSC08432-1024x683.jpg\" class=\"attachment-large size-large wp-image-87\" alt=\"\" loading=\"lazy\" srcset=\"https:\/\/atelierliliannavarro.fr\/wp-content\/uploads\/2020\/10\/DSC08432-1024x683.jpg 1024w, https:\/\/atelierliliannavarro.fr\/wp-content\/uploads\/2020\/10\/DSC08432-300x200.jpg 300w, https:\/\/atelierliliannavarro.fr\/wp-content\/uploads\/2020\/10\/DSC08432-768x512.jpg 768w\" sizes=\"(max-width: 800px) 100vw, 800px\" \/>\t\t\t\t\t\t\t\t\t\t\t\t\t\t<\/div>\n\t\t\t\t\t\t<\/div>\n\t\t\t\t<\/div>\n\t\t\t\t\t\t<\/div>\n\t\t\t\t\t<\/div>\n\t\t<\/div>\n\t\t\t\t<div class=\"elementor-column elementor-col-33 elementor-top-column elementor-element elementor-element-8ca6f34\" data-id=\"8ca6f34\" data-element_type=\"column\">\n\t\t\t<div class=\"elementor-column-wrap elementor-element-populated\">\n\t\t\t\t\t\t\t<div class=\"elementor-widget-wrap\">\n\t\t\t\t\t\t<div class=\"elementor-element elementor-element-1e31fc3 elementor-widget elementor-widget-image\" data-id=\"1e31fc3\" data-element_type=\"widget\" data-widget_type=\"image.default\">\n\t\t\t\t<div class=\"elementor-widget-container\">\n\t\t\t\t\t\t\t\t<div class=\"elementor-image\">\n\t\t\t\t\t\t\t\t\t\t\t\t<img width=\"800\" height=\"534\" src=\"https:\/\/atelierliliannavarro.fr\/wp-content\/uploads\/2020\/10\/DSC08503-1024x683.jpg\" class=\"attachment-large size-large wp-image-90\" alt=\"\" loading=\"lazy\" srcset=\"https:\/\/atelierliliannavarro.fr\/wp-content\/uploads\/2020\/10\/DSC08503-1024x683.jpg 1024w, https:\/\/atelierliliannavarro.fr\/wp-content\/uploads\/2020\/10\/DSC08503-300x200.jpg 300w, https:\/\/atelierliliannavarro.fr\/wp-content\/uploads\/2020\/10\/DSC08503-768x512.jpg 768w\" sizes=\"(max-width: 800px) 100vw, 800px\" \/>\t\t\t\t\t\t\t\t\t\t\t\t\t\t<\/div>\n\t\t\t\t\t\t<\/div>\n\t\t\t\t<\/div>\n\t\t\t\t\t\t<\/div>\n\t\t\t\t\t<\/div>\n\t\t<\/div>\n\t\t\t\t<div class=\"elementor-column elementor-col-33 elementor-top-column elementor-element elementor-element-4672c51\" data-id=\"4672c51\" data-element_type=\"column\">\n\t\t\t<div class=\"elementor-column-wrap elementor-element-populated\">\n\t\t\t\t\t\t\t<div class=\"elementor-widget-wrap\">\n\t\t\t\t\t\t<div class=\"elementor-element elementor-element-a8ca73d elementor-widget elementor-widget-image\" data-id=\"a8ca73d\" data-element_type=\"widget\" data-widget_type=\"image.default\">\n\t\t\t\t<div class=\"elementor-widget-container\">\n\t\t\t\t\t\t\t\t<div class=\"elementor-image\">\n\t\t\t\t\t\t\t\t\t\t\t\t<img width=\"800\" height=\"534\" src=\"https:\/\/atelierliliannavarro.fr\/wp-content\/uploads\/2020\/10\/DSC08772-1024x683.jpg\" class=\"attachment-large size-large wp-image-92\" alt=\"\" loading=\"lazy\" srcset=\"https:\/\/atelierliliannavarro.fr\/wp-content\/uploads\/2020\/10\/DSC08772-1024x683.jpg 1024w, https:\/\/atelierliliannavarro.fr\/wp-content\/uploads\/2020\/10\/DSC08772-300x200.jpg 300w, https:\/\/atelierliliannavarro.fr\/wp-content\/uploads\/2020\/10\/DSC08772-768x512.jpg 768w\" sizes=\"(max-width: 800px) 100vw, 800px\" \/>\t\t\t\t\t\t\t\t\t\t\t\t\t\t<\/div>\n\t\t\t\t\t\t<\/div>\n\t\t\t\t<\/div>\n\t\t\t\t\t\t<\/div>\n\t\t\t\t\t<\/div>\n\t\t<\/div>\n\t\t\t\t\t\t\t\t<\/div>\n\t\t\t\t\t<\/div>\n\t\t<\/section>\n\t\t\t\t<section class=\"elementor-section elementor-top-section elementor-element elementor-element-94ac9f7 elementor-section-boxed elementor-section-height-default elementor-section-height-default\" data-id=\"94ac9f7\" data-element_type=\"section\">\n\t\t\t\t\t\t<div class=\"elementor-container elementor-column-gap-default\">\n\t\t\t\t\t\t\t<div class=\"elementor-row\">\n\t\t\t\t\t<div class=\"elementor-column elementor-col-66 elementor-top-column elementor-element elementor-element-c1c1f7a\" data-id=\"c1c1f7a\" data-element_type=\"column\">\n\t\t\t<div class=\"elementor-column-wrap elementor-element-populated\">\n\t\t\t\t\t\t\t<div class=\"elementor-widget-wrap\">\n\t\t\t\t\t\t<div class=\"elementor-element elementor-element-00ab564 elementor-widget elementor-widget-image\" data-id=\"00ab564\" data-element_type=\"widget\" data-widget_type=\"image.default\">\n\t\t\t\t<div class=\"elementor-widget-container\">\n\t\t\t\t\t\t\t\t<div class=\"elementor-image\">\n\t\t\t\t\t\t\t\t\t\t\t\t<img width=\"800\" height=\"534\" src=\"https:\/\/atelierliliannavarro.fr\/wp-content\/uploads\/2020\/10\/DSC08746-1024x683.jpg\" class=\"attachment-large size-large wp-image-113\" alt=\"\" loading=\"lazy\" srcset=\"https:\/\/atelierliliannavarro.fr\/wp-content\/uploads\/2020\/10\/DSC08746-1024x683.jpg 1024w, https:\/\/atelierliliannavarro.fr\/wp-content\/uploads\/2020\/10\/DSC08746-300x200.jpg 300w, https:\/\/atelierliliannavarro.fr\/wp-content\/uploads\/2020\/10\/DSC08746-768x512.jpg 768w\" sizes=\"(max-width: 800px) 100vw, 800px\" \/>\t\t\t\t\t\t\t\t\t\t\t\t\t\t<\/div>\n\t\t\t\t\t\t<\/div>\n\t\t\t\t<\/div>\n\t\t\t\t\t\t<\/div>\n\t\t\t\t\t<\/div>\n\t\t<\/div>\n\t\t\t\t<div class=\"elementor-column elementor-col-33 elementor-top-column elementor-element elementor-element-434c702\" data-id=\"434c702\" data-element_type=\"column\">\n\t\t\t<div class=\"elementor-column-wrap elementor-element-populated\">\n\t\t\t\t\t\t\t<div class=\"elementor-widget-wrap\">\n\t\t\t\t\t\t<div class=\"elementor-element elementor-element-71f26a5 elementor-widget elementor-widget-image\" data-id=\"71f26a5\" data-element_type=\"widget\" data-widget_type=\"image.default\">\n\t\t\t\t<div class=\"elementor-widget-container\">\n\t\t\t\t\t\t\t\t<div class=\"elementor-image\">\n\t\t\t\t\t\t\t\t\t\t\t\t<img width=\"800\" height=\"534\" src=\"https:\/\/atelierliliannavarro.fr\/wp-content\/uploads\/2020\/10\/DSC08765-1024x683.jpg\" class=\"attachment-large size-large wp-image-102\" alt=\"\" loading=\"lazy\" srcset=\"https:\/\/atelierliliannavarro.fr\/wp-content\/uploads\/2020\/10\/DSC08765-1024x683.jpg 1024w, https:\/\/atelierliliannavarro.fr\/wp-content\/uploads\/2020\/10\/DSC08765-300x200.jpg 300w, https:\/\/atelierliliannavarro.fr\/wp-content\/uploads\/2020\/10\/DSC08765-768x512.jpg 768w\" sizes=\"(max-width: 800px) 100vw, 800px\" \/>\t\t\t\t\t\t\t\t\t\t\t\t\t\t<\/div>\n\t\t\t\t\t\t<\/div>\n\t\t\t\t<\/div>\n\t\t\t\t<div class=\"elementor-element elementor-element-c86a14c elementor-widget elementor-widget-image\" data-id=\"c86a14c\" data-element_type=\"widget\" data-widget_type=\"image.default\">\n\t\t\t\t<div class=\"elementor-widget-container\">\n\t\t\t\t\t\t\t\t<div class=\"elementor-image\">\n\t\t\t\t\t\t\t\t\t\t\t\t<img width=\"683\" height=\"1024\" src=\"https:\/\/atelierliliannavarro.fr\/wp-content\/uploads\/2020\/10\/DSC8537-683x1024.jpg\" class=\"attachment-large size-large wp-image-86\" alt=\"\" loading=\"lazy\" srcset=\"https:\/\/atelierliliannavarro.fr\/wp-content\/uploads\/2020\/10\/DSC8537-683x1024.jpg 683w, https:\/\/atelierliliannavarro.fr\/wp-content\/uploads\/2020\/10\/DSC8537-200x300.jpg 200w, https:\/\/atelierliliannavarro.fr\/wp-content\/uploads\/2020\/10\/DSC8537-768x1152.jpg 768w\" sizes=\"(max-width: 683px) 100vw, 683px\" \/>\t\t\t\t\t\t\t\t\t\t\t\t\t\t<\/div>\n\t\t\t\t\t\t<\/div>\n\t\t\t\t<\/div>\n\t\t\t\t\t\t<\/div>\n\t\t\t\t\t<\/div>\n\t\t<\/div>\n\t\t\t\t\t\t\t\t<\/div>\n\t\t\t\t\t<\/div>\n\t\t<\/section>\n\t\t\t\t<section class=\"elementor-section elementor-top-section elementor-element elementor-element-62cdeb1 elementor-section-boxed elementor-section-height-default elementor-section-height-default\" data-id=\"62cdeb1\" data-element_type=\"section\">\n\t\t\t\t\t\t<div class=\"elementor-container elementor-column-gap-default\">\n\t\t\t\t\t\t\t<div class=\"elementor-row\">\n\t\t\t\t\t<div class=\"elementor-column elementor-col-100 elementor-top-column elementor-element elementor-element-edcd4ec\" data-id=\"edcd4ec\" data-element_type=\"column\">\n\t\t\t<div class=\"elementor-column-wrap elementor-element-populated\">\n\t\t\t\t\t\t\t<div class=\"elementor-widget-wrap\">\n\t\t\t\t\t\t<div class=\"elementor-element elementor-element-d72ba8b elementor-widget elementor-widget-spacer\" data-id=\"d72ba8b\" data-element_type=\"widget\" data-widget_type=\"spacer.default\">\n\t\t\t\t<div class=\"elementor-widget-container\">\n\t\t\t\t\t<div class=\"elementor-spacer\">\n\t\t\t<div class=\"elementor-spacer-inner\"><\/div>\n\t\t<\/div>\n\t\t\t\t<\/div>\n\t\t\t\t<\/div>\n\t\t\t\t\t\t<\/div>\n\t\t\t\t\t<\/div>\n\t\t<\/div>\n\t\t\t\t\t\t\t\t<\/div>\n\t\t\t\t\t<\/div>\n\t\t<\/section>\n\t\t\t\t<section class=\"elementor-section elementor-top-section elementor-element elementor-element-97c4f6e elementor-section-boxed elementor-section-height-default elementor-section-height-default\" data-id=\"97c4f6e\" data-element_type=\"section\">\n\t\t\t\t\t\t<div class=\"elementor-container elementor-column-gap-default\">\n\t\t\t\t\t\t\t<div class=\"elementor-row\">\n\t\t\t\t\t<div class=\"elementor-column elementor-col-100 elementor-top-column elementor-element elementor-element-1081472\" data-id=\"1081472\" data-element_type=\"column\">\n\t\t\t<div class=\"elementor-column-wrap elementor-element-populated\">\n\t\t\t\t\t\t\t<div class=\"elementor-widget-wrap\">\n\t\t\t\t\t\t<div class=\"elementor-element elementor-element-20e7d54 elementor-widget elementor-widget-spacer\" data-id=\"20e7d54\" data-element_type=\"widget\" data-widget_type=\"spacer.default\">\n\t\t\t\t<div class=\"elementor-widget-container\">\n\t\t\t\t\t<div class=\"elementor-spacer\">\n\t\t\t<div class=\"elementor-spacer-inner\"><\/div>\n\t\t<\/div>\n\t\t\t\t<\/div>\n\t\t\t\t<\/div>\n\t\t\t\t\t\t<\/div>\n\t\t\t\t\t<\/div>\n\t\t<\/div>\n\t\t\t\t\t\t\t\t<\/div>\n\t\t\t\t\t<\/div>\n\t\t<\/section>\n\t\t\t\t\t\t\t\t\t<\/div>\n\t\t\t<\/div>\n\t\t\t\t\t<\/div>\n\t\t","protected":false},"excerpt":{"rendered":"<p>COLLECTION L&rsquo;ATELIER SHOP CONTACT URBAN NOMAD Collection 2019-2020 2nd Ann\u00e9e ST LUC TOURNAI Video Directed by\u00a0 Arthur Havet &amp; Lilian NAVARRO 2050, la terre est totalement d\u00e9r\u00e9gl\u00e9e par les activit\u00e9s humaines. Les populations minoritaires sont les plus touch\u00e9es, ouragans, mont\u00e9e des eaux, tremblements de terre&#8230; Elles entament une grande migration vers un eldorado fantomatique, sur [&hellip;]<\/p>\n","protected":false},"author":1,"featured_media":0,"parent":0,"menu_order":0,"comment_status":"closed","ping_status":"closed","template":"","meta":[],"yoast_head":"<!-- This site is optimized with the Yoast SEO plugin v19.11 - https:\/\/yoast.com\/wordpress\/plugins\/seo\/ -->\n<title>URBAN NOMAD -<\/title>\n<meta name=\"robots\" content=\"index, follow, max-snippet:-1, max-image-preview:large, max-video-preview:-1\" \/>\n<link rel=\"canonical\" href=\"https:\/\/atelierliliannavarro.fr\/?page_id=84\" \/>\n<meta property=\"og:locale\" content=\"fr_FR\" \/>\n<meta property=\"og:type\" content=\"article\" \/>\n<meta property=\"og:title\" content=\"URBAN NOMAD -\" \/>\n<meta property=\"og:description\" content=\"COLLECTION L&rsquo;ATELIER SHOP CONTACT URBAN NOMAD Collection 2019-2020 2nd Ann\u00e9e ST LUC TOURNAI Video Directed by\u00a0 Arthur Havet &amp; Lilian NAVARRO 2050, la terre est totalement d\u00e9r\u00e9gl\u00e9e par les activit\u00e9s humaines. Les populations minoritaires sont les plus touch\u00e9es, ouragans, mont\u00e9e des eaux, tremblements de terre&#8230; Elles entament une grande migration vers un eldorado fantomatique, sur [&hellip;]\" \/>\n<meta property=\"og:url\" content=\"https:\/\/atelierliliannavarro.fr\/?page_id=84\" \/>\n<meta property=\"article:modified_time\" content=\"2022-09-29T13:56:49+00:00\" \/>\n<meta property=\"og:image\" content=\"https:\/\/atelierliliannavarro.fr\/wp-content\/uploads\/2020\/10\/DSC08432-1024x683.jpg\" \/>\n<meta name=\"twitter:card\" content=\"summary_large_image\" \/>\n<meta name=\"twitter:label1\" content=\"Dur\u00e9e de lecture estim\u00e9e\" \/>\n\t<meta name=\"twitter:data1\" content=\"2 minutes\" \/>\n<script type=\"application\/ld+json\" class=\"yoast-schema-graph\">{\"@context\":\"https:\/\/schema.org\",\"@graph\":[{\"@type\":\"WebPage\",\"@id\":\"https:\/\/atelierliliannavarro.fr\/?page_id=84\",\"url\":\"https:\/\/atelierliliannavarro.fr\/?page_id=84\",\"name\":\"URBAN NOMAD -\",\"isPartOf\":{\"@id\":\"https:\/\/atelierliliannavarro.fr\/#website\"},\"datePublished\":\"2020-10-22T15:34:35+00:00\",\"dateModified\":\"2022-09-29T13:56:49+00:00\",\"breadcrumb\":{\"@id\":\"https:\/\/atelierliliannavarro.fr\/?page_id=84#breadcrumb\"},\"inLanguage\":\"fr-FR\",\"potentialAction\":[{\"@type\":\"ReadAction\",\"target\":[\"https:\/\/atelierliliannavarro.fr\/?page_id=84\"]}]},{\"@type\":\"BreadcrumbList\",\"@id\":\"https:\/\/atelierliliannavarro.fr\/?page_id=84#breadcrumb\",\"itemListElement\":[{\"@type\":\"ListItem\",\"position\":1,\"name\":\"Accueil\",\"item\":\"https:\/\/atelierliliannavarro.fr\/\"},{\"@type\":\"ListItem\",\"position\":2,\"name\":\"URBAN NOMAD\"}]},{\"@type\":\"WebSite\",\"@id\":\"https:\/\/atelierliliannavarro.fr\/#website\",\"url\":\"https:\/\/atelierliliannavarro.fr\/\",\"name\":\"\",\"description\":\"Lilian Navarro \",\"potentialAction\":[{\"@type\":\"SearchAction\",\"target\":{\"@type\":\"EntryPoint\",\"urlTemplate\":\"https:\/\/atelierliliannavarro.fr\/?s={search_term_string}\"},\"query-input\":\"required name=search_term_string\"}],\"inLanguage\":\"fr-FR\"}]}<\/script>\n<!-- \/ Yoast SEO plugin. -->","yoast_head_json":{"title":"URBAN NOMAD -","robots":{"index":"index","follow":"follow","max-snippet":"max-snippet:-1","max-image-preview":"max-image-preview:large","max-video-preview":"max-video-preview:-1"},"canonical":"https:\/\/atelierliliannavarro.fr\/?page_id=84","og_locale":"fr_FR","og_type":"article","og_title":"URBAN NOMAD -","og_description":"COLLECTION L&rsquo;ATELIER SHOP CONTACT URBAN NOMAD Collection 2019-2020 2nd Ann\u00e9e ST LUC TOURNAI Video Directed by\u00a0 Arthur Havet &amp; Lilian NAVARRO 2050, la terre est totalement d\u00e9r\u00e9gl\u00e9e par les activit\u00e9s humaines. Les populations minoritaires sont les plus touch\u00e9es, ouragans, mont\u00e9e des eaux, tremblements de terre&#8230; Elles entament une grande migration vers un eldorado fantomatique, sur [&hellip;]","og_url":"https:\/\/atelierliliannavarro.fr\/?page_id=84","article_modified_time":"2022-09-29T13:56:49+00:00","og_image":[{"url":"https:\/\/atelierliliannavarro.fr\/wp-content\/uploads\/2020\/10\/DSC08432-1024x683.jpg"}],"twitter_card":"summary_large_image","twitter_misc":{"Dur\u00e9e de lecture estim\u00e9e":"2 minutes"},"schema":{"@context":"https:\/\/schema.org","@graph":[{"@type":"WebPage","@id":"https:\/\/atelierliliannavarro.fr\/?page_id=84","url":"https:\/\/atelierliliannavarro.fr\/?page_id=84","name":"URBAN NOMAD -","isPartOf":{"@id":"https:\/\/atelierliliannavarro.fr\/#website"},"datePublished":"2020-10-22T15:34:35+00:00","dateModified":"2022-09-29T13:56:49+00:00","breadcrumb":{"@id":"https:\/\/atelierliliannavarro.fr\/?page_id=84#breadcrumb"},"inLanguage":"fr-FR","potentialAction":[{"@type":"ReadAction","target":["https:\/\/atelierliliannavarro.fr\/?page_id=84"]}]},{"@type":"BreadcrumbList","@id":"https:\/\/atelierliliannavarro.fr\/?page_id=84#breadcrumb","itemListElement":[{"@type":"ListItem","position":1,"name":"Accueil","item":"https:\/\/atelierliliannavarro.fr\/"},{"@type":"ListItem","position":2,"name":"URBAN NOMAD"}]},{"@type":"WebSite","@id":"https:\/\/atelierliliannavarro.fr\/#website","url":"https:\/\/atelierliliannavarro.fr\/","name":"","description":"Lilian Navarro ","potentialAction":[{"@type":"SearchAction","target":{"@type":"EntryPoint","urlTemplate":"https:\/\/atelierliliannavarro.fr\/?s={search_term_string}"},"query-input":"required name=search_term_string"}],"inLanguage":"fr-FR"}]}},"_links":{"self":[{"href":"https:\/\/atelierliliannavarro.fr\/index.php?rest_route=\/wp\/v2\/pages\/84"}],"collection":[{"href":"https:\/\/atelierliliannavarro.fr\/index.php?rest_route=\/wp\/v2\/pages"}],"about":[{"href":"https:\/\/atelierliliannavarro.fr\/index.php?rest_route=\/wp\/v2\/types\/page"}],"author":[{"embeddable":true,"href":"https:\/\/atelierliliannavarro.fr\/index.php?rest_route=\/wp\/v2\/users\/1"}],"replies":[{"embeddable":true,"href":"https:\/\/atelierliliannavarro.fr\/index.php?rest_route=%2Fwp%2Fv2%2Fcomments&post=84"}],"version-history":[{"count":25,"href":"https:\/\/atelierliliannavarro.fr\/index.php?rest_route=\/wp\/v2\/pages\/84\/revisions"}],"predecessor-version":[{"id":495,"href":"https:\/\/atelierliliannavarro.fr\/index.php?rest_route=\/wp\/v2\/pages\/84\/revisions\/495"}],"wp:attachment":[{"href":"https:\/\/atelierliliannavarro.fr\/index.php?rest_route=%2Fwp%2Fv2%2Fmedia&parent=84"}],"curies":[{"name":"wp","href":"https:\/\/api.w.org\/{rel}","templated":true}]}}