{"id":372,"date":"2022-07-07T16:26:06","date_gmt":"2022-07-07T14:26:06","guid":{"rendered":"https:\/\/atelierliliannavarro.fr\/?page_id=372"},"modified":"2024-08-02T13:55:56","modified_gmt":"2024-08-02T11:55:56","slug":"la-cambre-1","status":"publish","type":"page","link":"https:\/\/atelierliliannavarro.fr\/?page_id=372","title":{"rendered":"LA CAMBRE 3GRADE"},"content":{"rendered":"\t\t<div data-elementor-type=\"wp-page\" data-elementor-id=\"372\" class=\"elementor elementor-372\">\n\t\t\t\t\t\t<div class=\"elementor-inner\">\n\t\t\t\t<div class=\"elementor-section-wrap\">\n\t\t\t\t\t\t\t\t\t<section class=\"elementor-section elementor-top-section elementor-element elementor-element-5b2ca0f elementor-section-boxed elementor-section-height-default elementor-section-height-default\" data-id=\"5b2ca0f\" data-element_type=\"section\">\n\t\t\t\t\t\t<div class=\"elementor-container elementor-column-gap-default\">\n\t\t\t\t\t\t\t<div class=\"elementor-row\">\n\t\t\t\t\t<div class=\"elementor-column elementor-col-100 elementor-top-column elementor-element elementor-element-1da9569\" data-id=\"1da9569\" data-element_type=\"column\">\n\t\t\t<div class=\"elementor-column-wrap elementor-element-populated\">\n\t\t\t\t\t\t\t<div class=\"elementor-widget-wrap\">\n\t\t\t\t\t\t<div class=\"elementor-element elementor-element-2c8c694 elementor-widget elementor-widget-heading\" data-id=\"2c8c694\" data-element_type=\"widget\" data-widget_type=\"heading.default\">\n\t\t\t\t<div class=\"elementor-widget-container\">\n\t\t\t<h2 class=\"elementor-heading-title elementor-size-xxl\"><a href=\"http:\/\/rd\">\"R\u00eave substantiel d'une moustache de Homard\" <\/a><\/h2>\t\t<\/div>\n\t\t\t\t<\/div>\n\t\t\t\t\t\t<\/div>\n\t\t\t\t\t<\/div>\n\t\t<\/div>\n\t\t\t\t\t\t\t\t<\/div>\n\t\t\t\t\t<\/div>\n\t\t<\/section>\n\t\t\t\t<section class=\"elementor-section elementor-top-section elementor-element elementor-element-e0972a6 elementor-section-boxed elementor-section-height-default elementor-section-height-default\" data-id=\"e0972a6\" data-element_type=\"section\">\n\t\t\t\t\t\t<div class=\"elementor-container elementor-column-gap-default\">\n\t\t\t\t\t\t\t<div class=\"elementor-row\">\n\t\t\t\t\t<div class=\"elementor-column elementor-col-100 elementor-top-column elementor-element elementor-element-c972f9b\" data-id=\"c972f9b\" data-element_type=\"column\">\n\t\t\t<div class=\"elementor-column-wrap elementor-element-populated\">\n\t\t\t\t\t\t\t<div class=\"elementor-widget-wrap\">\n\t\t\t\t\t\t<div class=\"elementor-element elementor-element-f20add0 elementor-widget elementor-widget-text-editor\" data-id=\"f20add0\" data-element_type=\"widget\" data-widget_type=\"text-editor.default\">\n\t\t\t\t<div class=\"elementor-widget-container\">\n\t\t\t\t\t\t\t\t<div class=\"elementor-text-editor elementor-clearfix\">\n\t\t\t\t<p>Collection 2021-2022<\/p><p>Collection r\u00e9alis\u00e9 sur le sulfureux SALVADOR DALI pour le cursus de 3 \u00e8me ann\u00e9e\u00a0<\/p>\t\t\t\t\t<\/div>\n\t\t\t\t\t\t<\/div>\n\t\t\t\t<\/div>\n\t\t\t\t\t\t<\/div>\n\t\t\t\t\t<\/div>\n\t\t<\/div>\n\t\t\t\t\t\t\t\t<\/div>\n\t\t\t\t\t<\/div>\n\t\t<\/section>\n\t\t\t\t<section class=\"elementor-section elementor-top-section elementor-element elementor-element-40c4b3b elementor-section-boxed elementor-section-height-default elementor-section-height-default\" data-id=\"40c4b3b\" data-element_type=\"section\">\n\t\t\t\t\t\t<div class=\"elementor-container elementor-column-gap-default\">\n\t\t\t\t\t\t\t<div class=\"elementor-row\">\n\t\t\t\t\t<div class=\"elementor-column elementor-col-50 elementor-top-column elementor-element elementor-element-2225f36\" data-id=\"2225f36\" data-element_type=\"column\">\n\t\t\t<div class=\"elementor-column-wrap elementor-element-populated\">\n\t\t\t\t\t\t\t<div class=\"elementor-widget-wrap\">\n\t\t\t\t\t\t<div class=\"elementor-element elementor-element-3491ced elementor-widget elementor-widget-image\" data-id=\"3491ced\" data-element_type=\"widget\" data-widget_type=\"image.default\">\n\t\t\t\t<div class=\"elementor-widget-container\">\n\t\t\t\t\t\t\t\t<div class=\"elementor-image\">\n\t\t\t\t\t\t\t\t\t\t\t\t<img width=\"800\" height=\"876\" src=\"https:\/\/atelierliliannavarro.fr\/wp-content\/uploads\/2024\/07\/Navarro_Lilian_lacambremodes_Y3_2022_1-935x1024.jpg\" class=\"attachment-large size-large wp-image-637\" alt=\"\" loading=\"lazy\" srcset=\"https:\/\/atelierliliannavarro.fr\/wp-content\/uploads\/2024\/07\/Navarro_Lilian_lacambremodes_Y3_2022_1-935x1024.jpg 935w, https:\/\/atelierliliannavarro.fr\/wp-content\/uploads\/2024\/07\/Navarro_Lilian_lacambremodes_Y3_2022_1-274x300.jpg 274w, https:\/\/atelierliliannavarro.fr\/wp-content\/uploads\/2024\/07\/Navarro_Lilian_lacambremodes_Y3_2022_1-768x841.jpg 768w, https:\/\/atelierliliannavarro.fr\/wp-content\/uploads\/2024\/07\/Navarro_Lilian_lacambremodes_Y3_2022_1.jpg 1370w\" sizes=\"(max-width: 800px) 100vw, 800px\" \/>\t\t\t\t\t\t\t\t\t\t\t\t\t\t<\/div>\n\t\t\t\t\t\t<\/div>\n\t\t\t\t<\/div>\n\t\t\t\t\t\t<\/div>\n\t\t\t\t\t<\/div>\n\t\t<\/div>\n\t\t\t\t<div class=\"elementor-column elementor-col-50 elementor-top-column elementor-element elementor-element-4467cd0\" data-id=\"4467cd0\" data-element_type=\"column\">\n\t\t\t<div class=\"elementor-column-wrap elementor-element-populated\">\n\t\t\t\t\t\t\t<div class=\"elementor-widget-wrap\">\n\t\t\t\t\t\t<div class=\"elementor-element elementor-element-168dd84 elementor-widget elementor-widget-image\" data-id=\"168dd84\" data-element_type=\"widget\" data-widget_type=\"image.default\">\n\t\t\t\t<div class=\"elementor-widget-container\">\n\t\t\t\t\t\t\t\t<div class=\"elementor-image\">\n\t\t\t\t\t\t\t\t\t\t\t\t<img width=\"800\" height=\"876\" src=\"https:\/\/atelierliliannavarro.fr\/wp-content\/uploads\/2024\/07\/Navarro_Lilian_lacambremodes_Y3_2022_2-935x1024.jpg\" class=\"attachment-large size-large wp-image-638\" alt=\"\" loading=\"lazy\" srcset=\"https:\/\/atelierliliannavarro.fr\/wp-content\/uploads\/2024\/07\/Navarro_Lilian_lacambremodes_Y3_2022_2-935x1024.jpg 935w, https:\/\/atelierliliannavarro.fr\/wp-content\/uploads\/2024\/07\/Navarro_Lilian_lacambremodes_Y3_2022_2-274x300.jpg 274w, https:\/\/atelierliliannavarro.fr\/wp-content\/uploads\/2024\/07\/Navarro_Lilian_lacambremodes_Y3_2022_2-768x841.jpg 768w, https:\/\/atelierliliannavarro.fr\/wp-content\/uploads\/2024\/07\/Navarro_Lilian_lacambremodes_Y3_2022_2.jpg 1370w\" sizes=\"(max-width: 800px) 100vw, 800px\" \/>\t\t\t\t\t\t\t\t\t\t\t\t\t\t<\/div>\n\t\t\t\t\t\t<\/div>\n\t\t\t\t<\/div>\n\t\t\t\t\t\t<\/div>\n\t\t\t\t\t<\/div>\n\t\t<\/div>\n\t\t\t\t\t\t\t\t<\/div>\n\t\t\t\t\t<\/div>\n\t\t<\/section>\n\t\t\t\t<section class=\"elementor-section elementor-top-section elementor-element elementor-element-f66fb11 elementor-section-boxed elementor-section-height-default elementor-section-height-default\" data-id=\"f66fb11\" data-element_type=\"section\">\n\t\t\t\t\t\t<div class=\"elementor-container elementor-column-gap-default\">\n\t\t\t\t\t\t\t<div class=\"elementor-row\">\n\t\t\t\t\t<div class=\"elementor-column elementor-col-50 elementor-top-column elementor-element elementor-element-d080b83\" data-id=\"d080b83\" data-element_type=\"column\">\n\t\t\t<div class=\"elementor-column-wrap elementor-element-populated\">\n\t\t\t\t\t\t\t<div class=\"elementor-widget-wrap\">\n\t\t\t\t\t\t<div class=\"elementor-element elementor-element-a8a280d elementor-widget elementor-widget-image\" data-id=\"a8a280d\" data-element_type=\"widget\" data-widget_type=\"image.default\">\n\t\t\t\t<div class=\"elementor-widget-container\">\n\t\t\t\t\t\t\t\t<div class=\"elementor-image\">\n\t\t\t\t\t\t\t\t\t\t\t\t<img width=\"800\" height=\"876\" src=\"https:\/\/atelierliliannavarro.fr\/wp-content\/uploads\/2024\/07\/Navarro_Lilian_lacambremodes_Y3_2022_4-935x1024.jpg\" class=\"attachment-large size-large wp-image-640\" alt=\"\" loading=\"lazy\" srcset=\"https:\/\/atelierliliannavarro.fr\/wp-content\/uploads\/2024\/07\/Navarro_Lilian_lacambremodes_Y3_2022_4-935x1024.jpg 935w, https:\/\/atelierliliannavarro.fr\/wp-content\/uploads\/2024\/07\/Navarro_Lilian_lacambremodes_Y3_2022_4-274x300.jpg 274w, https:\/\/atelierliliannavarro.fr\/wp-content\/uploads\/2024\/07\/Navarro_Lilian_lacambremodes_Y3_2022_4-768x841.jpg 768w, https:\/\/atelierliliannavarro.fr\/wp-content\/uploads\/2024\/07\/Navarro_Lilian_lacambremodes_Y3_2022_4.jpg 1370w\" sizes=\"(max-width: 800px) 100vw, 800px\" \/>\t\t\t\t\t\t\t\t\t\t\t\t\t\t<\/div>\n\t\t\t\t\t\t<\/div>\n\t\t\t\t<\/div>\n\t\t\t\t\t\t<\/div>\n\t\t\t\t\t<\/div>\n\t\t<\/div>\n\t\t\t\t<div class=\"elementor-column elementor-col-50 elementor-top-column elementor-element elementor-element-454fe09\" data-id=\"454fe09\" data-element_type=\"column\">\n\t\t\t<div class=\"elementor-column-wrap elementor-element-populated\">\n\t\t\t\t\t\t\t<div class=\"elementor-widget-wrap\">\n\t\t\t\t\t\t<div class=\"elementor-element elementor-element-7372d7f elementor-widget elementor-widget-image\" data-id=\"7372d7f\" data-element_type=\"widget\" data-widget_type=\"image.default\">\n\t\t\t\t<div class=\"elementor-widget-container\">\n\t\t\t\t\t\t\t\t<div class=\"elementor-image\">\n\t\t\t\t\t\t\t\t\t\t\t\t<img width=\"800\" height=\"876\" src=\"https:\/\/atelierliliannavarro.fr\/wp-content\/uploads\/2024\/07\/Navarro_Lilian_lacambremodes_Y3_2022_3-935x1024.jpg\" class=\"attachment-large size-large wp-image-639\" alt=\"\" loading=\"lazy\" srcset=\"https:\/\/atelierliliannavarro.fr\/wp-content\/uploads\/2024\/07\/Navarro_Lilian_lacambremodes_Y3_2022_3-935x1024.jpg 935w, https:\/\/atelierliliannavarro.fr\/wp-content\/uploads\/2024\/07\/Navarro_Lilian_lacambremodes_Y3_2022_3-274x300.jpg 274w, https:\/\/atelierliliannavarro.fr\/wp-content\/uploads\/2024\/07\/Navarro_Lilian_lacambremodes_Y3_2022_3-768x841.jpg 768w, https:\/\/atelierliliannavarro.fr\/wp-content\/uploads\/2024\/07\/Navarro_Lilian_lacambremodes_Y3_2022_3.jpg 1370w\" sizes=\"(max-width: 800px) 100vw, 800px\" \/>\t\t\t\t\t\t\t\t\t\t\t\t\t\t<\/div>\n\t\t\t\t\t\t<\/div>\n\t\t\t\t<\/div>\n\t\t\t\t\t\t<\/div>\n\t\t\t\t\t<\/div>\n\t\t<\/div>\n\t\t\t\t\t\t\t\t<\/div>\n\t\t\t\t\t<\/div>\n\t\t<\/section>\n\t\t\t\t<section class=\"elementor-section elementor-top-section elementor-element elementor-element-3518273 elementor-section-boxed elementor-section-height-default elementor-section-height-default\" data-id=\"3518273\" data-element_type=\"section\">\n\t\t\t\t\t\t<div class=\"elementor-container elementor-column-gap-default\">\n\t\t\t\t\t\t\t<div class=\"elementor-row\">\n\t\t\t\t\t<div class=\"elementor-column elementor-col-50 elementor-top-column elementor-element elementor-element-d2803f2\" data-id=\"d2803f2\" data-element_type=\"column\">\n\t\t\t<div class=\"elementor-column-wrap elementor-element-populated\">\n\t\t\t\t\t\t\t<div class=\"elementor-widget-wrap\">\n\t\t\t\t\t\t<div class=\"elementor-element elementor-element-7dd586b elementor-widget elementor-widget-image\" data-id=\"7dd586b\" data-element_type=\"widget\" data-widget_type=\"image.default\">\n\t\t\t\t<div class=\"elementor-widget-container\">\n\t\t\t\t\t\t\t\t<div class=\"elementor-image\">\n\t\t\t\t\t\t\t\t\t\t\t\t<img width=\"800\" height=\"876\" src=\"https:\/\/atelierliliannavarro.fr\/wp-content\/uploads\/2024\/07\/Navarro_Lilian_lacambremodes_Y3_2022_7-935x1024.jpg\" class=\"attachment-large size-large wp-image-643\" alt=\"\" loading=\"lazy\" srcset=\"https:\/\/atelierliliannavarro.fr\/wp-content\/uploads\/2024\/07\/Navarro_Lilian_lacambremodes_Y3_2022_7-935x1024.jpg 935w, https:\/\/atelierliliannavarro.fr\/wp-content\/uploads\/2024\/07\/Navarro_Lilian_lacambremodes_Y3_2022_7-274x300.jpg 274w, https:\/\/atelierliliannavarro.fr\/wp-content\/uploads\/2024\/07\/Navarro_Lilian_lacambremodes_Y3_2022_7-768x841.jpg 768w, https:\/\/atelierliliannavarro.fr\/wp-content\/uploads\/2024\/07\/Navarro_Lilian_lacambremodes_Y3_2022_7.jpg 1370w\" sizes=\"(max-width: 800px) 100vw, 800px\" \/>\t\t\t\t\t\t\t\t\t\t\t\t\t\t<\/div>\n\t\t\t\t\t\t<\/div>\n\t\t\t\t<\/div>\n\t\t\t\t\t\t<\/div>\n\t\t\t\t\t<\/div>\n\t\t<\/div>\n\t\t\t\t<div class=\"elementor-column elementor-col-50 elementor-top-column elementor-element elementor-element-a034bf0\" data-id=\"a034bf0\" data-element_type=\"column\">\n\t\t\t<div class=\"elementor-column-wrap elementor-element-populated\">\n\t\t\t\t\t\t\t<div class=\"elementor-widget-wrap\">\n\t\t\t\t\t\t<div class=\"elementor-element elementor-element-39cf761 elementor-widget elementor-widget-image\" data-id=\"39cf761\" data-element_type=\"widget\" data-widget_type=\"image.default\">\n\t\t\t\t<div class=\"elementor-widget-container\">\n\t\t\t\t\t\t\t\t<div class=\"elementor-image\">\n\t\t\t\t\t\t\t\t\t\t\t\t<img width=\"800\" height=\"876\" src=\"https:\/\/atelierliliannavarro.fr\/wp-content\/uploads\/2024\/07\/Navarro_Lilian_lacambremodes_Y3_2022_6-935x1024.jpg\" class=\"attachment-large size-large wp-image-642\" alt=\"\" loading=\"lazy\" srcset=\"https:\/\/atelierliliannavarro.fr\/wp-content\/uploads\/2024\/07\/Navarro_Lilian_lacambremodes_Y3_2022_6-935x1024.jpg 935w, https:\/\/atelierliliannavarro.fr\/wp-content\/uploads\/2024\/07\/Navarro_Lilian_lacambremodes_Y3_2022_6-274x300.jpg 274w, https:\/\/atelierliliannavarro.fr\/wp-content\/uploads\/2024\/07\/Navarro_Lilian_lacambremodes_Y3_2022_6-768x841.jpg 768w, https:\/\/atelierliliannavarro.fr\/wp-content\/uploads\/2024\/07\/Navarro_Lilian_lacambremodes_Y3_2022_6.jpg 1370w\" sizes=\"(max-width: 800px) 100vw, 800px\" \/>\t\t\t\t\t\t\t\t\t\t\t\t\t\t<\/div>\n\t\t\t\t\t\t<\/div>\n\t\t\t\t<\/div>\n\t\t\t\t\t\t<\/div>\n\t\t\t\t\t<\/div>\n\t\t<\/div>\n\t\t\t\t\t\t\t\t<\/div>\n\t\t\t\t\t<\/div>\n\t\t<\/section>\n\t\t\t\t<section class=\"elementor-section elementor-top-section elementor-element elementor-element-ddffbe0 elementor-section-boxed elementor-section-height-default elementor-section-height-default\" data-id=\"ddffbe0\" data-element_type=\"section\">\n\t\t\t\t\t\t<div class=\"elementor-container elementor-column-gap-default\">\n\t\t\t\t\t\t\t<div class=\"elementor-row\">\n\t\t\t\t\t<div class=\"elementor-column elementor-col-50 elementor-top-column elementor-element elementor-element-77174d2\" data-id=\"77174d2\" data-element_type=\"column\">\n\t\t\t<div class=\"elementor-column-wrap elementor-element-populated\">\n\t\t\t\t\t\t\t<div class=\"elementor-widget-wrap\">\n\t\t\t\t\t\t<div class=\"elementor-element elementor-element-3879648 elementor-widget elementor-widget-image\" data-id=\"3879648\" data-element_type=\"widget\" data-widget_type=\"image.default\">\n\t\t\t\t<div class=\"elementor-widget-container\">\n\t\t\t\t\t\t\t\t<div class=\"elementor-image\">\n\t\t\t\t\t\t\t\t\t\t\t\t<img width=\"800\" height=\"876\" src=\"https:\/\/atelierliliannavarro.fr\/wp-content\/uploads\/2024\/07\/Navarro_Lilian_lacambremodes_Y3_2022_8a-935x1024.jpg\" class=\"attachment-large size-large wp-image-644\" alt=\"\" loading=\"lazy\" srcset=\"https:\/\/atelierliliannavarro.fr\/wp-content\/uploads\/2024\/07\/Navarro_Lilian_lacambremodes_Y3_2022_8a-935x1024.jpg 935w, https:\/\/atelierliliannavarro.fr\/wp-content\/uploads\/2024\/07\/Navarro_Lilian_lacambremodes_Y3_2022_8a-274x300.jpg 274w, https:\/\/atelierliliannavarro.fr\/wp-content\/uploads\/2024\/07\/Navarro_Lilian_lacambremodes_Y3_2022_8a-768x841.jpg 768w, https:\/\/atelierliliannavarro.fr\/wp-content\/uploads\/2024\/07\/Navarro_Lilian_lacambremodes_Y3_2022_8a.jpg 1370w\" sizes=\"(max-width: 800px) 100vw, 800px\" \/>\t\t\t\t\t\t\t\t\t\t\t\t\t\t<\/div>\n\t\t\t\t\t\t<\/div>\n\t\t\t\t<\/div>\n\t\t\t\t\t\t<\/div>\n\t\t\t\t\t<\/div>\n\t\t<\/div>\n\t\t\t\t<div class=\"elementor-column elementor-col-50 elementor-top-column elementor-element elementor-element-f8a481a\" data-id=\"f8a481a\" data-element_type=\"column\">\n\t\t\t<div class=\"elementor-column-wrap elementor-element-populated\">\n\t\t\t\t\t\t\t<div class=\"elementor-widget-wrap\">\n\t\t\t\t\t\t<div class=\"elementor-element elementor-element-82c2640 elementor-widget elementor-widget-image\" data-id=\"82c2640\" data-element_type=\"widget\" data-widget_type=\"image.default\">\n\t\t\t\t<div class=\"elementor-widget-container\">\n\t\t\t\t\t\t\t\t<div class=\"elementor-image\">\n\t\t\t\t\t\t\t\t\t\t\t\t<img width=\"800\" height=\"876\" src=\"https:\/\/atelierliliannavarro.fr\/wp-content\/uploads\/2024\/07\/Navarro_Lilian_lacambremodes_Y3_2022_5-935x1024.jpg\" class=\"attachment-large size-large wp-image-641\" alt=\"\" loading=\"lazy\" srcset=\"https:\/\/atelierliliannavarro.fr\/wp-content\/uploads\/2024\/07\/Navarro_Lilian_lacambremodes_Y3_2022_5-935x1024.jpg 935w, https:\/\/atelierliliannavarro.fr\/wp-content\/uploads\/2024\/07\/Navarro_Lilian_lacambremodes_Y3_2022_5-274x300.jpg 274w, https:\/\/atelierliliannavarro.fr\/wp-content\/uploads\/2024\/07\/Navarro_Lilian_lacambremodes_Y3_2022_5-768x841.jpg 768w, https:\/\/atelierliliannavarro.fr\/wp-content\/uploads\/2024\/07\/Navarro_Lilian_lacambremodes_Y3_2022_5.jpg 1370w\" sizes=\"(max-width: 800px) 100vw, 800px\" \/>\t\t\t\t\t\t\t\t\t\t\t\t\t\t<\/div>\n\t\t\t\t\t\t<\/div>\n\t\t\t\t<\/div>\n\t\t\t\t\t\t<\/div>\n\t\t\t\t\t<\/div>\n\t\t<\/div>\n\t\t\t\t\t\t\t\t<\/div>\n\t\t\t\t\t<\/div>\n\t\t<\/section>\n\t\t\t\t\t\t\t\t\t<\/div>\n\t\t\t<\/div>\n\t\t\t\t\t<\/div>\n\t\t","protected":false},"excerpt":{"rendered":"<p>\u00ab\u00a0R\u00eave substantiel d&rsquo;une moustache de Homard\u00a0\u00bb Collection 2021-2022 Collection r\u00e9alis\u00e9 sur le sulfureux SALVADOR DALI pour le cursus de 3 \u00e8me ann\u00e9e\u00a0<\/p>\n","protected":false},"author":1,"featured_media":0,"parent":0,"menu_order":0,"comment_status":"closed","ping_status":"closed","template":"","meta":[],"yoast_head":"<!-- This site is optimized with the Yoast SEO plugin v19.11 - https:\/\/yoast.com\/wordpress\/plugins\/seo\/ -->\n<title>LA CAMBRE 3GRADE -<\/title>\n<meta name=\"robots\" content=\"index, follow, max-snippet:-1, max-image-preview:large, max-video-preview:-1\" \/>\n<link rel=\"canonical\" href=\"https:\/\/atelierliliannavarro.fr\/?page_id=372\" \/>\n<meta property=\"og:locale\" content=\"fr_FR\" \/>\n<meta property=\"og:type\" content=\"article\" \/>\n<meta property=\"og:title\" content=\"LA CAMBRE 3GRADE -\" \/>\n<meta property=\"og:description\" content=\"\u00ab\u00a0R\u00eave substantiel d&rsquo;une moustache de Homard\u00a0\u00bb Collection 2021-2022 Collection r\u00e9alis\u00e9 sur le sulfureux SALVADOR DALI pour le cursus de 3 \u00e8me ann\u00e9e\u00a0\" \/>\n<meta property=\"og:url\" content=\"https:\/\/atelierliliannavarro.fr\/?page_id=372\" \/>\n<meta property=\"article:modified_time\" content=\"2024-08-02T11:55:56+00:00\" \/>\n<meta property=\"og:image\" content=\"https:\/\/atelierliliannavarro.fr\/wp-content\/uploads\/2024\/07\/Navarro_Lilian_lacambremodes_Y3_2022_1-935x1024.jpg\" \/>\n<meta name=\"twitter:card\" content=\"summary_large_image\" \/>\n<meta name=\"twitter:label1\" content=\"Dur\u00e9e de lecture estim\u00e9e\" \/>\n\t<meta name=\"twitter:data1\" content=\"2 minutes\" \/>\n<script type=\"application\/ld+json\" class=\"yoast-schema-graph\">{\"@context\":\"https:\/\/schema.org\",\"@graph\":[{\"@type\":\"WebPage\",\"@id\":\"https:\/\/atelierliliannavarro.fr\/?page_id=372\",\"url\":\"https:\/\/atelierliliannavarro.fr\/?page_id=372\",\"name\":\"LA CAMBRE 3GRADE -\",\"isPartOf\":{\"@id\":\"https:\/\/atelierliliannavarro.fr\/#website\"},\"datePublished\":\"2022-07-07T14:26:06+00:00\",\"dateModified\":\"2024-08-02T11:55:56+00:00\",\"breadcrumb\":{\"@id\":\"https:\/\/atelierliliannavarro.fr\/?page_id=372#breadcrumb\"},\"inLanguage\":\"fr-FR\",\"potentialAction\":[{\"@type\":\"ReadAction\",\"target\":[\"https:\/\/atelierliliannavarro.fr\/?page_id=372\"]}]},{\"@type\":\"BreadcrumbList\",\"@id\":\"https:\/\/atelierliliannavarro.fr\/?page_id=372#breadcrumb\",\"itemListElement\":[{\"@type\":\"ListItem\",\"position\":1,\"name\":\"Accueil\",\"item\":\"https:\/\/atelierliliannavarro.fr\/\"},{\"@type\":\"ListItem\",\"position\":2,\"name\":\"LA CAMBRE 3GRADE\"}]},{\"@type\":\"WebSite\",\"@id\":\"https:\/\/atelierliliannavarro.fr\/#website\",\"url\":\"https:\/\/atelierliliannavarro.fr\/\",\"name\":\"\",\"description\":\"Lilian Navarro \",\"potentialAction\":[{\"@type\":\"SearchAction\",\"target\":{\"@type\":\"EntryPoint\",\"urlTemplate\":\"https:\/\/atelierliliannavarro.fr\/?s={search_term_string}\"},\"query-input\":\"required name=search_term_string\"}],\"inLanguage\":\"fr-FR\"}]}<\/script>\n<!-- \/ Yoast SEO plugin. -->","yoast_head_json":{"title":"LA CAMBRE 3GRADE -","robots":{"index":"index","follow":"follow","max-snippet":"max-snippet:-1","max-image-preview":"max-image-preview:large","max-video-preview":"max-video-preview:-1"},"canonical":"https:\/\/atelierliliannavarro.fr\/?page_id=372","og_locale":"fr_FR","og_type":"article","og_title":"LA CAMBRE 3GRADE -","og_description":"\u00ab\u00a0R\u00eave substantiel d&rsquo;une moustache de Homard\u00a0\u00bb Collection 2021-2022 Collection r\u00e9alis\u00e9 sur le sulfureux SALVADOR DALI pour le cursus de 3 \u00e8me ann\u00e9e\u00a0","og_url":"https:\/\/atelierliliannavarro.fr\/?page_id=372","article_modified_time":"2024-08-02T11:55:56+00:00","og_image":[{"url":"https:\/\/atelierliliannavarro.fr\/wp-content\/uploads\/2024\/07\/Navarro_Lilian_lacambremodes_Y3_2022_1-935x1024.jpg"}],"twitter_card":"summary_large_image","twitter_misc":{"Dur\u00e9e de lecture estim\u00e9e":"2 minutes"},"schema":{"@context":"https:\/\/schema.org","@graph":[{"@type":"WebPage","@id":"https:\/\/atelierliliannavarro.fr\/?page_id=372","url":"https:\/\/atelierliliannavarro.fr\/?page_id=372","name":"LA CAMBRE 3GRADE -","isPartOf":{"@id":"https:\/\/atelierliliannavarro.fr\/#website"},"datePublished":"2022-07-07T14:26:06+00:00","dateModified":"2024-08-02T11:55:56+00:00","breadcrumb":{"@id":"https:\/\/atelierliliannavarro.fr\/?page_id=372#breadcrumb"},"inLanguage":"fr-FR","potentialAction":[{"@type":"ReadAction","target":["https:\/\/atelierliliannavarro.fr\/?page_id=372"]}]},{"@type":"BreadcrumbList","@id":"https:\/\/atelierliliannavarro.fr\/?page_id=372#breadcrumb","itemListElement":[{"@type":"ListItem","position":1,"name":"Accueil","item":"https:\/\/atelierliliannavarro.fr\/"},{"@type":"ListItem","position":2,"name":"LA CAMBRE 3GRADE"}]},{"@type":"WebSite","@id":"https:\/\/atelierliliannavarro.fr\/#website","url":"https:\/\/atelierliliannavarro.fr\/","name":"","description":"Lilian Navarro ","potentialAction":[{"@type":"SearchAction","target":{"@type":"EntryPoint","urlTemplate":"https:\/\/atelierliliannavarro.fr\/?s={search_term_string}"},"query-input":"required name=search_term_string"}],"inLanguage":"fr-FR"}]}},"_links":{"self":[{"href":"https:\/\/atelierliliannavarro.fr\/index.php?rest_route=\/wp\/v2\/pages\/372"}],"collection":[{"href":"https:\/\/atelierliliannavarro.fr\/index.php?rest_route=\/wp\/v2\/pages"}],"about":[{"href":"https:\/\/atelierliliannavarro.fr\/index.php?rest_route=\/wp\/v2\/types\/page"}],"author":[{"embeddable":true,"href":"https:\/\/atelierliliannavarro.fr\/index.php?rest_route=\/wp\/v2\/users\/1"}],"replies":[{"embeddable":true,"href":"https:\/\/atelierliliannavarro.fr\/index.php?rest_route=%2Fwp%2Fv2%2Fcomments&post=372"}],"version-history":[{"count":31,"href":"https:\/\/atelierliliannavarro.fr\/index.php?rest_route=\/wp\/v2\/pages\/372\/revisions"}],"predecessor-version":[{"id":693,"href":"https:\/\/atelierliliannavarro.fr\/index.php?rest_route=\/wp\/v2\/pages\/372\/revisions\/693"}],"wp:attachment":[{"href":"https:\/\/atelierliliannavarro.fr\/index.php?rest_route=%2Fwp%2Fv2%2Fmedia&parent=372"}],"curies":[{"name":"wp","href":"https:\/\/api.w.org\/{rel}","templated":true}]}}